{"id":11256,"date":"2023-10-03T21:14:10","date_gmt":"2023-10-03T20:14:10","guid":{"rendered":"http:\/\/sgp172.be\/?page_id=11256"},"modified":"2025-09-06T11:51:06","modified_gmt":"2025-09-06T10:51:06","slug":"tenue-scoute","status":"publish","type":"page","link":"http:\/\/sgp172.be\/index.php\/tenue-scoute\/","title":{"rendered":"Tenue scoute"},"content":{"rendered":"[mk_page_section bg_image=\u00a0\u00bbhttp:\/\/sgp172.be\/wp-content\/uploads\/2025\/09\/WhatsApp-Image-2025-08-24-a-21.13.21_e4208b67-e1757155819251.jpg\u00a0\u00bb bg_position=\u00a0\u00bbcenter center\u00a0\u00bb bg_repeat=\u00a0\u00bbno-repeat\u00a0\u00bb bg_stretch=\u00a0\u00bbtrue\u00a0\u00bb enable_3d=\u00a0\u00bbtrue\u00a0\u00bb video_loop=\u00a0\u00bbfalse\u00a0\u00bb min_height=\u00a0\u00bb0&Prime; full_width=\u00a0\u00bbtrue\u00a0\u00bb js_vertical_centered=\u00a0\u00bbtrue\u00a0\u00bb padding_top=\u00a0\u00bb0&Prime; padding_bottom=\u00a0\u00bb600&Prime; has_top_shape_divider=\u00a0\u00bbtrue\u00a0\u00bb top_shape_style=\u00a0\u00bbcurve-top\u00a0\u00bb top_shape_color=\u00a0\u00bb#3a71b4&Prime; has_bottom_shape_divider=\u00a0\u00bbtrue\u00a0\u00bb bottom_shape_style=\u00a0\u00bbcurve-bottom\u00a0\u00bb bottom_shape_color=\u00a0\u00bb#3a71b4&Prime; sidebar=\u00a0\u00bbsidebar-1&Prime;][vc_column][\/vc_column][\/mk_page_section]\n\n\n\n[vc_row][vc_column][mk_fancy_title color=\u00a0\u00bb#ffffff\u00a0\u00bb size=\u00a0\u00bb35&Prime; txt_transform=\u00a0\u00bbuppercase\u00a0\u00bb margin_top=\u00a0\u00bb50&Prime; margin_bottom=\u00a0\u00bb0&Prime; font_family=\u00a0\u00bbShare+Tech+Mono\u00a0\u00bb font_type=\u00a0\u00bbgoogle\u00a0\u00bb align=\u00a0\u00bbcenter\u00a0\u00bb]Tenue scoute[\/mk_fancy_title][\/vc_column][\/vc_row]\n\n\n[vc_row][vc_column][vc_column_text align=\u00a0\u00bbcenter\u00a0\u00bb]Les \u00e9l\u00e9ments essentiels de la tenue scoute (chemise, foulard et insignes divers) ainsi que les accessoires customis\u00e9s aux couleurs de l&rsquo;unit\u00e9 (pull &#8211; <strong>25\u20ac<\/strong> ; T-shirt &#8211; <strong>5\u20ac<\/strong> ; casquette &#8211; <strong>4\u20ac<\/strong>) peuvent \u00eatre achet\u00e9s en fin de r\u00e9union aupr\u00e8s de nos responsables Insignes &amp; Uniformes.<\/p>\n<p>Si vous avez des \u00e9l\u00e9ments de la tenue scoute dont vous n&rsquo;avez plus d&rsquo;utilit\u00e9, n&rsquo;h\u00e9sitez pas \u00e0 en faire don \u00e0 l&rsquo;Unit\u00e9 afin que ceux-ci soient revendus \u00e0 moindre prix en seconde main !<\/p>\n[mk_divider style=\u00a0\u00bbsingle\u00a0\u00bb divider_color=\u00a0\u00bb#dddddd\u00a0\u00bb divider_width=\u00a0\u00bbfull_width\u00a0\u00bb margin_top=\u00a0\u00bb1&Prime;]\n[mk_image src=\u00a0\u00bbhttp:\/\/sgp172.be\/wp-content\/uploads\/2023\/10\/Prix.png\u00a0\u00bb image_size=\u00a0\u00bblarge\u00a0\u00bb custom_lightbox=\u00a0\u00bbhttp:\/\/sgp172.be\/wp-content\/uploads\/2023\/10\/Fiche-prix-insignes-2023.pdf\u00a0\u00bb frame_style=\u00a0\u00bbrounded\u00a0\u00bb link=\u00a0\u00bbhttp:\/\/sgp172.be\/wp-content\/uploads\/2023\/10\/Fiche-prix-insignes-2023.pdf\u00a0\u00bb target=\u00a0\u00bb_blank\u00a0\u00bb align=\u00a0\u00bbcenter\u00a0\u00bb]\n[mk_image src=\u00a0\u00bbhttp:\/\/sgp172.be\/wp-content\/uploads\/2021\/09\/Capture-d\u2019e\u0301cran-2021-09-22-a\u0300-09.15.55-e1696455519848.png\u00a0\u00bb image_size=\u00a0\u00bblarge\u00a0\u00bb custom_lightbox=\u00a0\u00bbhttp:\/\/sgp172.be\/wp-content\/uploads\/2021\/09\/Capture-d\u2019e\u0301cran-2021-09-22-a\u0300-09.15.55-e1696455519848.png\u00a0\u00bb frame_style=\u00a0\u00bbrounded\u00a0\u00bb link=\u00a0\u00bbhttp:\/\/sgp172.be\/wp-content\/uploads\/2021\/09\/Capture-d\u2019e\u0301cran-2021-09-22-a\u0300-09.15.55-e1696455519848.png\u00a0\u00bb target=\u00a0\u00bb_blank\u00a0\u00bb align=\u00a0\u00bbcenter\u00a0\u00bb]\n[\/vc_column_text][\/vc_column][\/vc_row]\n\n\n[mk_divider style=\u00a0\u00bbsingle\u00a0\u00bb divider_color=\u00a0\u00bb#dddddd\u00a0\u00bb divider_width=\u00a0\u00bbfull_width\u00a0\u00bb margin_bottom=\u00a0\u00bb10&Prime;]\n\n\n[vc_row][vc_column][mk_fancy_title color=\u00a0\u00bb#ffffff\u00a0\u00bb size=\u00a0\u00bb35&Prime; txt_transform=\u00a0\u00bbuppercase\u00a0\u00bb margin_top=\u00a0\u00bb50&Prime; margin_bottom=\u00a0\u00bb0&Prime; font_family=\u00a0\u00bbShare+Tech+Mono\u00a0\u00bb font_type=\u00a0\u00bbgoogle\u00a0\u00bb align=\u00a0\u00bbcenter\u00a0\u00bb]Flots de troupes[\/mk_fancy_title][\/vc_column][\/vc_row]\n\n\n[mk_image src=\u00a0\u00bbhttp:\/\/sgp172.be\/wp-content\/uploads\/2023\/10\/Flots-troupes.png\u00a0\u00bb image_size=\u00a0\u00bblarge\u00a0\u00bb custom_lightbox=\u00a0\u00bbhttp:\/\/sgp172.be\/wp-content\/uploads\/2023\/10\/Flots-de-troupes.pdf\u00a0\u00bb frame_style=\u00a0\u00bbrounded\u00a0\u00bb link=\u00a0\u00bbhttp:\/\/sgp172.be\/wp-content\/uploads\/2023\/10\/Flots-de-troupes.pdf\u00a0\u00bb target=\u00a0\u00bb_blank\u00a0\u00bb align=\u00a0\u00bbcenter\u00a0\u00bb]\n\n\n\n<div class=\"wp-block-group alignfull has-contrast-color has-text-color is-vertical is-content-justification-center is-layout-flex wp-container-core-group-is-layout-1 wp-block-group-is-layout-flex\" style=\"min-height:40vh;margin-top:0;margin-bottom:0;padding-top:var(--wp--preset--spacing--60);padding-right:var(--wp--preset--spacing--50);padding-bottom:var(--wp--preset--spacing--60);padding-left:var(--wp--preset--spacing--50)\"><div class=\"is-style-default wp-block-site-logo\"><a href=\"http:\/\/sgp172.be\/\" class=\"custom-logo-link\" rel=\"home\"><img decoding=\"async\" width=\"50\" height=\"75\" src=\"http:\/\/sgp172.be\/wp-content\/uploads\/2024\/09\/Logo-Veste-white.png\" class=\"custom-logo\" alt=\"SGP172\" srcset=\"http:\/\/sgp172.be\/wp-content\/uploads\/2024\/09\/Logo-Veste-white.png 2263w, http:\/\/sgp172.be\/wp-content\/uploads\/2024\/09\/Logo-Veste-white-198x300.png 198w, http:\/\/sgp172.be\/wp-content\/uploads\/2024\/09\/Logo-Veste-white-396x600.png 396w, http:\/\/sgp172.be\/wp-content\/uploads\/2024\/09\/Logo-Veste-white-99x150.png 99w, http:\/\/sgp172.be\/wp-content\/uploads\/2024\/09\/Logo-Veste-white-768x1164.png 768w, http:\/\/sgp172.be\/wp-content\/uploads\/2024\/09\/Logo-Veste-white-1280x1920.png 1280w\" sizes=\"(max-width: 50px) 100vw, 50px\" \/><\/a><\/div>\n\n\n<p class=\"has-text-align-center has-small-font-size\">\u00a9 2025 SGP172 \u2013 LES CHEVALIERS DU LYS. ALL RIGHTS RESERVED.<\/p>\n\n\n\n<ul class=\"wp-block-social-links has-normal-icon-size is-style-default is-nowrap is-layout-flex wp-container-core-social-links-is-layout-1 wp-block-social-links-is-layout-flex\"><li class=\"wp-social-link wp-social-link-facebook  wp-block-social-link\"><a href=\"https:\/\/www.facebook.com\/sgp172\" class=\"wp-block-social-link-anchor\"><svg width=\"24\" height=\"24\" viewBox=\"0 0 24 24\" version=\"1.1\" xmlns=\"http:\/\/www.w3.org\/2000\/svg\" aria-hidden=\"true\" focusable=\"false\"><path d=\"M12 2C6.5 2 2 6.5 2 12c0 5 3.7 9.1 8.4 9.9v-7H7.9V12h2.5V9.8c0-2.5 1.5-3.9 3.8-3.9 1.1 0 2.2.2 2.2.2v2.5h-1.3c-1.2 0-1.6.8-1.6 1.6V12h2.8l-.4 2.9h-2.3v7C18.3 21.1 22 17 22 12c0-5.5-4.5-10-10-10z\"><\/path><\/svg><span class=\"wp-block-social-link-label screen-reader-text\">172e unit\u00e9 : Les chevaliers du Lys<\/span><\/a><\/li>\n\n<li class=\"wp-social-link wp-social-link-mail  wp-block-social-link\"><a href=\"mailto:u&#110;&#105;te&#064;&#115;&#103;&#112;172&#046;&#098;&#101;\" class=\"wp-block-social-link-anchor\"><svg width=\"24\" height=\"24\" viewBox=\"0 0 24 24\" version=\"1.1\" xmlns=\"http:\/\/www.w3.org\/2000\/svg\" aria-hidden=\"true\" focusable=\"false\"><path d=\"M19,5H5c-1.1,0-2,.9-2,2v10c0,1.1.9,2,2,2h14c1.1,0,2-.9,2-2V7c0-1.1-.9-2-2-2zm.5,12c0,.3-.2.5-.5.5H5c-.3,0-.5-.2-.5-.5V9.8l7.5,5.6,7.5-5.6V17zm0-9.1L12,13.6,4.5,7.9V7c0-.3.2-.5.5-.5h14c.3,0,.5.2.5.5v.9z\"><\/path><\/svg><span class=\"wp-block-social-link-label screen-reader-text\">unite@sgp172.be<\/span><\/a><\/li>\n\n<li class=\"wp-social-link wp-social-link-instagram  wp-block-social-link\"><a href=\"https:\/\/www.instagram.com\/172sgp?igsh=c2xxaDBlbThtc25t&#038;utm_source=qr\" class=\"wp-block-social-link-anchor\"><svg width=\"24\" height=\"24\" viewBox=\"0 0 24 24\" version=\"1.1\" xmlns=\"http:\/\/www.w3.org\/2000\/svg\" aria-hidden=\"true\" focusable=\"false\"><path d=\"M12,4.622c2.403,0,2.688,0.009,3.637,0.052c0.877,0.04,1.354,0.187,1.671,0.31c0.42,0.163,0.72,0.358,1.035,0.673 c0.315,0.315,0.51,0.615,0.673,1.035c0.123,0.317,0.27,0.794,0.31,1.671c0.043,0.949,0.052,1.234,0.052,3.637 s-0.009,2.688-0.052,3.637c-0.04,0.877-0.187,1.354-0.31,1.671c-0.163,0.42-0.358,0.72-0.673,1.035 c-0.315,0.315-0.615,0.51-1.035,0.673c-0.317,0.123-0.794,0.27-1.671,0.31c-0.949,0.043-1.233,0.052-3.637,0.052 s-2.688-0.009-3.637-0.052c-0.877-0.04-1.354-0.187-1.671-0.31c-0.42-0.163-0.72-0.358-1.035-0.673 c-0.315-0.315-0.51-0.615-0.673-1.035c-0.123-0.317-0.27-0.794-0.31-1.671C4.631,14.688,4.622,14.403,4.622,12 s0.009-2.688,0.052-3.637c0.04-0.877,0.187-1.354,0.31-1.671c0.163-0.42,0.358-0.72,0.673-1.035 c0.315-0.315,0.615-0.51,1.035-0.673c0.317-0.123,0.794-0.27,1.671-0.31C9.312,4.631,9.597,4.622,12,4.622 M12,3 C9.556,3,9.249,3.01,8.289,3.054C7.331,3.098,6.677,3.25,6.105,3.472C5.513,3.702,5.011,4.01,4.511,4.511 c-0.5,0.5-0.808,1.002-1.038,1.594C3.25,6.677,3.098,7.331,3.054,8.289C3.01,9.249,3,9.556,3,12c0,2.444,0.01,2.751,0.054,3.711 c0.044,0.958,0.196,1.612,0.418,2.185c0.23,0.592,0.538,1.094,1.038,1.594c0.5,0.5,1.002,0.808,1.594,1.038 c0.572,0.222,1.227,0.375,2.185,0.418C9.249,20.99,9.556,21,12,21s2.751-0.01,3.711-0.054c0.958-0.044,1.612-0.196,2.185-0.418 c0.592-0.23,1.094-0.538,1.594-1.038c0.5-0.5,0.808-1.002,1.038-1.594c0.222-0.572,0.375-1.227,0.418-2.185 C20.99,14.751,21,14.444,21,12s-0.01-2.751-0.054-3.711c-0.044-0.958-0.196-1.612-0.418-2.185c-0.23-0.592-0.538-1.094-1.038-1.594 c-0.5-0.5-1.002-0.808-1.594-1.038c-0.572-0.222-1.227-0.375-2.185-0.418C14.751,3.01,14.444,3,12,3L12,3z M12,7.378 c-2.552,0-4.622,2.069-4.622,4.622S9.448,16.622,12,16.622s4.622-2.069,4.622-4.622S14.552,7.378,12,7.378z M12,15 c-1.657,0-3-1.343-3-3s1.343-3,3-3s3,1.343,3,3S13.657,15,12,15z M16.804,6.116c-0.596,0-1.08,0.484-1.08,1.08 s0.484,1.08,1.08,1.08c0.596,0,1.08-0.484,1.08-1.08S17.401,6.116,16.804,6.116z\"><\/path><\/svg><span class=\"wp-block-social-link-label screen-reader-text\">Instagram<\/span><\/a><\/li>\n\n<li class=\"wp-social-link wp-social-link-whatsapp  wp-block-social-link\"><a href=\"https:\/\/chat.whatsapp.com\/LSabfUKpCfm94ogQkj7Bgx\" class=\"wp-block-social-link-anchor\"><svg width=\"24\" height=\"24\" viewBox=\"0 0 24 24\" version=\"1.1\" xmlns=\"http:\/\/www.w3.org\/2000\/svg\" aria-hidden=\"true\" focusable=\"false\"><path d=\"M 12.011719 2 C 6.5057187 2 2.0234844 6.478375 2.0214844 11.984375 C 2.0204844 13.744375 2.4814687 15.462563 3.3554688 16.976562 L 2 22 L 7.2324219 20.763672 C 8.6914219 21.559672 10.333859 21.977516 12.005859 21.978516 L 12.009766 21.978516 C 17.514766 21.978516 21.995047 17.499141 21.998047 11.994141 C 22.000047 9.3251406 20.962172 6.8157344 19.076172 4.9277344 C 17.190172 3.0407344 14.683719 2.001 12.011719 2 z M 12.009766 4 C 14.145766 4.001 16.153109 4.8337969 17.662109 6.3417969 C 19.171109 7.8517969 20.000047 9.8581875 19.998047 11.992188 C 19.996047 16.396187 16.413812 19.978516 12.007812 19.978516 C 10.674812 19.977516 9.3544062 19.642812 8.1914062 19.007812 L 7.5175781 18.640625 L 6.7734375 18.816406 L 4.8046875 19.28125 L 5.2851562 17.496094 L 5.5019531 16.695312 L 5.0878906 15.976562 C 4.3898906 14.768562 4.0204844 13.387375 4.0214844 11.984375 C 4.0234844 7.582375 7.6067656 4 12.009766 4 z M 8.4765625 7.375 C 8.3095625 7.375 8.0395469 7.4375 7.8105469 7.6875 C 7.5815469 7.9365 6.9355469 8.5395781 6.9355469 9.7675781 C 6.9355469 10.995578 7.8300781 12.182609 7.9550781 12.349609 C 8.0790781 12.515609 9.68175 15.115234 12.21875 16.115234 C 14.32675 16.946234 14.754891 16.782234 15.212891 16.740234 C 15.670891 16.699234 16.690438 16.137687 16.898438 15.554688 C 17.106437 14.971687 17.106922 14.470187 17.044922 14.367188 C 16.982922 14.263188 16.816406 14.201172 16.566406 14.076172 C 16.317406 13.951172 15.090328 13.348625 14.861328 13.265625 C 14.632328 13.182625 14.464828 13.140625 14.298828 13.390625 C 14.132828 13.640625 13.655766 14.201187 13.509766 14.367188 C 13.363766 14.534188 13.21875 14.556641 12.96875 14.431641 C 12.71875 14.305641 11.914938 14.041406 10.960938 13.191406 C 10.218937 12.530406 9.7182656 11.714844 9.5722656 11.464844 C 9.4272656 11.215844 9.5585938 11.079078 9.6835938 10.955078 C 9.7955938 10.843078 9.9316406 10.663578 10.056641 10.517578 C 10.180641 10.371578 10.223641 10.267562 10.306641 10.101562 C 10.389641 9.9355625 10.347156 9.7890625 10.285156 9.6640625 C 10.223156 9.5390625 9.737625 8.3065 9.515625 7.8125 C 9.328625 7.3975 9.131125 7.3878594 8.953125 7.3808594 C 8.808125 7.3748594 8.6425625 7.375 8.4765625 7.375 z\"><\/path><\/svg><span class=\"wp-block-social-link-label screen-reader-text\">172\u00e8me Unit\u00e9 &#8211; Les Chevaliers du Lys \u269c\ufe0f<\/span><\/a><\/li><\/ul>\n<\/div>\n\n\n\n<p>&nbsp;<\/p>\n","protected":false},"excerpt":{"rendered":"<p>[vc_row][vc_column][mk_fancy_title color=\u00a0\u00bb#ffffff\u00a0\u00bb size=\u00a0\u00bb35&Prime; txt_transform=\u00a0\u00bbuppercase\u00a0\u00bb margin_top=\u00a0\u00bb50&Prime; margin_bottom=\u00a0\u00bb0&Prime; font_family=\u00a0\u00bbShare+Tech+Mono\u00a0\u00bb font_type=\u00a0\u00bbgoogle\u00a0\u00bb align=\u00a0\u00bbcenter\u00a0\u00bb]Tenue scoute[\/mk_fancy_title][\/vc_column][\/vc_row] \u00a9 2025 SGP172 \u2013 LES CHEVALIERS DU LYS. ALL RIGHTS RESERVED. &nbsp;<\/p>\n","protected":false},"author":8,"featured_media":0,"parent":0,"menu_order":0,"comment_status":"closed","ping_status":"closed","template":"","meta":{"footnotes":""},"class_list":["post-11256","page","type-page","status-publish","hentry"],"_links":{"self":[{"href":"http:\/\/sgp172.be\/index.php\/wp-json\/wp\/v2\/pages\/11256"}],"collection":[{"href":"http:\/\/sgp172.be\/index.php\/wp-json\/wp\/v2\/pages"}],"about":[{"href":"http:\/\/sgp172.be\/index.php\/wp-json\/wp\/v2\/types\/page"}],"author":[{"embeddable":true,"href":"http:\/\/sgp172.be\/index.php\/wp-json\/wp\/v2\/users\/8"}],"replies":[{"embeddable":true,"href":"http:\/\/sgp172.be\/index.php\/wp-json\/wp\/v2\/comments?post=11256"}],"version-history":[{"count":126,"href":"http:\/\/sgp172.be\/index.php\/wp-json\/wp\/v2\/pages\/11256\/revisions"}],"predecessor-version":[{"id":12138,"href":"http:\/\/sgp172.be\/index.php\/wp-json\/wp\/v2\/pages\/11256\/revisions\/12138"}],"wp:attachment":[{"href":"http:\/\/sgp172.be\/index.php\/wp-json\/wp\/v2\/media?parent=11256"}],"curies":[{"name":"wp","href":"https:\/\/api.w.org\/{rel}","templated":true}]}}